{"id":1186,"date":"2022-12-07T14:01:35","date_gmt":"2022-12-07T14:01:35","guid":{"rendered":"https:\/\/www.pumpentechnik-oberschwaben.de\/?page_id=1186"},"modified":"2022-12-07T14:05:40","modified_gmt":"2022-12-07T14:05:40","slug":"haftungsausschluss-2","status":"publish","type":"page","link":"https:\/\/www.pumpentechnik-oberschwaben.de\/fr\/haftungsausschluss-2\/","title":{"rendered":"Haftungsausschluss"},"content":{"rendered":"\n\t\t\t<!-- START kontakt REVOLUTION SLIDER 6.6.7 --><p class=\"rs-p-wp-fix\"><\/p>\n\t\t\t<rs-module-wrap id=\"rev_slider_7_1_wrapper\" data-source=\"gallery\" style=\"visibility:hidden;background:transparent;padding:0;margin:0px auto;margin-top:0;margin-bottom:0;\">\n\t\t\t\t<rs-module id=\"rev_slider_7_1\" style=\"\" data-version=\"6.6.7\">\n\t\t\t\t\t<rs-slides style=\"overflow: hidden; position: absolute;\">\n\t\t\t\t\t\t<rs-slide style=\"position: absolute;\" data-key=\"rs-9\" data-title=\"Slide\" data-anim=\"adpr:false;\">\n\t\t\t\t\t\t\t<img src=\"\/\/www.pumpentechnik-oberschwaben.de\/wp-content\/plugins\/revslider\/public\/assets\/assets\/dummy.png\" alt=\"Slide\" title=\"Haftungsausschluss\" class=\"rev-slidebg tp-rs-img rs-lazyload\" data-lazyload=\"\/\/www.pumpentechnik-oberschwaben.de\/wp-content\/plugins\/revslider\/public\/assets\/assets\/transparent.png\" data-bg=\"c:#0064a2;\" data-no-retina>\n<!--\n\t\t\t\t\t\t\t--><rs-layer\n\t\t\t\t\t\t\t\tid=\"slider-7-slide-9-layer-1\" \n\t\t\t\t\t\t\t\tdata-type=\"text\"\n\t\t\t\t\t\t\t\tdata-color=\"#ffffff\"\n\t\t\t\t\t\t\t\tdata-rsp_ch=\"on\"\n\t\t\t\t\t\t\t\tdata-xy=\"x:1px;y:81px;\"\n\t\t\t\t\t\t\t\tdata-text=\"l:22;a:inherit;\"\n\t\t\t\t\t\t\t\tdata-frame_0=\"tp:600;\"\n\t\t\t\t\t\t\t\tdata-frame_1=\"tp:600;st:0;\"\n\t\t\t\t\t\t\t\tdata-frame_999=\"o:0;tp:600;st:w;sR:8700;\"\n\t\t\t\t\t\t\t\tstyle=\"z-index:5;font-family:'Roboto';\"\n\t\t\t\t\t\t\t><h1>Kontakt<\/h1>\n\n<h6>Sie erreichen uns Montag bis Freitag von 9:00 \u2013 12:00 und 13:00 \u2013 18:00 Uhr<br> unter ++49 (0) 7545 \/ 911-747 oder direkt \u00fcber das Kontaktformular. <\/h6> \n\t\t\t\t\t\t\t<\/rs-layer><!--\n\n\t\t\t\t\t\t\t--><rs-layer\n\t\t\t\t\t\t\t\tid=\"slider-7-slide-9-layer-2\" \n\t\t\t\t\t\t\t\tdata-type=\"image\"\n\t\t\t\t\t\t\t\tdata-rsp_ch=\"on\"\n\t\t\t\t\t\t\t\tdata-xy=\"x:670px;y:200px;\"\n\t\t\t\t\t\t\t\tdata-text=\"l:22;a:inherit;\"\n\t\t\t\t\t\t\t\tdata-dim=\"w:500px;h:500px;\"\n\t\t\t\t\t\t\t\tdata-frame_0=\"tp:600;\"\n\t\t\t\t\t\t\t\tdata-frame_1=\"tp:600;st:390;sp:600;sR:390;\"\n\t\t\t\t\t\t\t\tdata-frame_999=\"o:0;tp:600;st:w;sR:8010;\"\n\t\t\t\t\t\t\t\tstyle=\"z-index:6;\"\n\t\t\t\t\t\t\t><img src=\"\/\/www.pumpentechnik-oberschwaben.de\/wp-content\/plugins\/revslider\/public\/assets\/assets\/dummy.png\" alt=\"\" class=\"tp-rs-img rs-lazyload\" width=\"450\" height=\"450\" data-lazyload=\"\/\/www.pumpentechnik-oberschwaben.de\/wp-content\/uploads\/2018\/09\/logo_negativ.jpg\" data-no-retina> \n\t\t\t\t\t\t\t<\/rs-layer><!--\n-->\t\t\t\t\t\t<\/rs-slide>\n\t\t\t\t\t<\/rs-slides>\n\t\t\t\t<\/rs-module>\n\t\t\t\t<script>\n\t\t\t\t\tsetREVStartSize({c: 'rev_slider_7_1',rl:[1240,1024,778,480],el:[],gw:[1140],gh:[450],type:'standard',justify:'',layout:'fullwidth',mh:\"0\"});if (window.RS_MODULES!==undefined && window.RS_MODULES.modules!==undefined && window.RS_MODULES.modules[\"revslider71\"]!==undefined) {window.RS_MODULES.modules[\"revslider71\"].once = false;window.revapi7 = undefined;if (window.RS_MODULES.checkMinimal!==undefined) window.RS_MODULES.checkMinimal()}\n\t\t\t\t<\/script>\n\t\t\t<\/rs-module-wrap>\n\t\t\t<!-- END REVOLUTION SLIDER -->\n\n<style>\/*! elementor - v3.9.0 - 06-12-2022 *\/\n.elementor-column .elementor-spacer-inner{height:var(--spacer-size)}.e-con{--container-widget-width:100%}.e-con-inner>.elementor-widget-spacer,.e-con>.elementor-widget-spacer{width:var(--container-widget-width,var(--spacer-size));--align-self:var(--container-widget-align-self,initial);--flex-shrink:0}.e-con-inner>.elementor-widget-spacer>.elementor-widget-container,.e-con-inner>.elementor-widget-spacer>.elementor-widget-container>.elementor-spacer,.e-con>.elementor-widget-spacer>.elementor-widget-container,.e-con>.elementor-widget-spacer>.elementor-widget-container>.elementor-spacer{height:100%}.e-con-inner>.elementor-widget-spacer>.elementor-widget-container>.elementor-spacer>.elementor-spacer-inner,.e-con>.elementor-widget-spacer>.elementor-widget-container>.elementor-spacer>.elementor-spacer-inner{height:var(--container-widget-height,var(--spacer-size))}<\/style>\n<style>\/*! elementor - v3.9.0 - 06-12-2022 *\/\n.elementor-heading-title{padding:0;margin:0;line-height:1}.elementor-widget-heading .elementor-heading-title[class*=elementor-size-]>a{color:inherit;font-size:inherit;line-height:inherit}.elementor-widget-heading .elementor-heading-title.elementor-size-small{font-size:15px}.elementor-widget-heading .elementor-heading-title.elementor-size-medium{font-size:19px}.elementor-widget-heading .elementor-heading-title.elementor-size-large{font-size:29px}.elementor-widget-heading .elementor-heading-title.elementor-size-xl{font-size:39px}.elementor-widget-heading .elementor-heading-title.elementor-size-xxl{font-size:59px}<\/style>\n<h2>Clause de non-responsabilit\u00e9<br \/>\n<\/h2>\n<p><strong>1. contenu de l\u2019offre en ligne<\/strong><br \/>L\u2019auteur se r\u00e9serve le droit de ne pas \u00eatre responsable de l\u2019actualit\u00e9, de l\u2019exactitude, de l\u2019exhaustivit\u00e9 ou de la qualit\u00e9 des informations fournies. Les demandes en responsabilit\u00e9 contre l\u2019auteur, qui se r\u00e9f\u00e8rent \u00e0 des dommages de nature mat\u00e9rielle ou imat\u00e9rielle, qui ont \u00e9t\u00e9 caus\u00e9s par l\u2019utilisation ou la non-utilisation des informations pr\u00e9sent\u00e9es et\/ou par l\u2019utilisation d\u2019informations incorrectes et incompl\u00e8tes, sont en principe impossibles, si de la part de l\u2019auteur il n\u2019y a pas de preuve de faute intentionnelle ou de n\u00e9gligence grossi\u00e8re.<\/p>\n<p>Toutes les offres sont susceptibles d\u2019\u00eatre modifi\u00e9es et non contraignantes. L\u2019auteur se r\u00e9serve express\u00e9ment le droit de modifier, de compl\u00e9ter ou de supprimer des parties des pages ou l\u2019ensemble de l\u2019offre sans avis pr\u00e9alable ou d\u2019en interrompre la publication temporairement ou d\u00e9finitivement.<\/p>\n<p><strong>2. r\u00e9f\u00e9rences et liens<\/strong><br \/>L\u2019auteur n\u2019est pas responsable du contenu des liens ou des r\u00e9f\u00e9rences figurant sur ses pages \u2013 \u00e0 moins qu\u2019il n\u2019ait pleinement connaissance du contenu ill\u00e9gal et qu\u2019il puisse emp\u00eacher les visiteurs de son site de consulter ces pages.<br \/>L\u2019auteur d\u00e9clare express\u00e9ment par la pr\u00e9sente qu\u2019au moment de la cr\u00e9ation des liens, aucun contenu ill\u00e9gal n\u2019\u00e9tait identifiable sur les pages li\u00e9es. L\u2019auteur n\u2019a aucune influence sur la conception actuelle et future, les contenus ou la paternit\u00e9 des pages li\u00e9es. C\u2019est pourquoi il se distancie express\u00e9ment par la pr\u00e9sente de tous les contenus des pages li\u00e9es qui ont \u00e9t\u00e9 modifi\u00e9s depuis la cr\u00e9ation du lien. Cette d\u00e9claration s\u2019applique \u00e0 tous les liens et renvois plac\u00e9s dans l\u2019offre Internet de l\u2019auteur ainsi qu\u2019aux entr\u00e9es externes dans les livres d\u2019or, les forums de discussion, les r\u00e9pertoires de liens, les listes de diffusion et toutes les autres formes de bases de donn\u00e9es cr\u00e9\u00e9es par l\u2019auteur auxquelles un acc\u00e8s externe en \u00e9criture est possible. Pour les contenus ill\u00e9gaux, erron\u00e9s ou incomplets et en particulier pour les dommages qui r\u00e9sultent de l\u2019utilisation ou de la non-utilisation de telles informations pr\u00e9sent\u00e9es, seul le fournisseur du site auquel on a fait r\u00e9f\u00e9rence est responsable, en particulier celui qui renvoie uniquement \u00e0 la publication concern\u00e9e.<\/p>\n<p><strong>3. droit d\u2019auteur et droit des marques<\/strong><br \/>L\u2019auteur s\u2019efforce de respecter les droits d\u2019auteur des images, graphiques, documents sonores, s\u00e9quences vid\u00e9o et textes utilis\u00e9s dans toutes les publications, d\u2019utiliser des images, graphiques, documents sonores, s\u00e9quences vid\u00e9o et textes cr\u00e9\u00e9s par lui-m\u00eame ou de recourir \u00e0 des graphiques, documents sonores, s\u00e9quences vid\u00e9o et textes exempts de licence.<br \/>Toutes les marques et marques d\u00e9pos\u00e9es mentionn\u00e9es sur le site Internet et \u00e9ventuellement prot\u00e9g\u00e9es par des tiers sont soumises sans restriction aux dispositions du droit des marques applicable et aux droits de propri\u00e9t\u00e9 des propri\u00e9taires enregistr\u00e9s respectifs. La simple mention d\u2019une marque ne signifie pas qu\u2019elle n\u2019est pas prot\u00e9g\u00e9e par les droits des tiers.<br \/>Le droit d\u2019auteur pour les objets publi\u00e9s cr\u00e9\u00e9s par l\u2019auteur lui-m\u00eame reste exclusivement \u00e0 l\u2019auteur des pages. Toute reproduction ou utilisation d\u2019objets tels que des diagrammes, des sons ou des textes dans d\u2019autres publications \u00e9lectroniques ou imprim\u00e9es n\u2019est pas autoris\u00e9e sans l\u2019accord de l\u2019auteur.<\/p>\n<p><strong>4. la protection des donn\u00e9es<\/strong><br \/>Si la possibilit\u00e9 de saisir des donn\u00e9es personnelles ou professionnelles (adresses \u00e9lectroniques, noms, adresses) est offerte, la saisie de ces donn\u00e9es se fait sur une base volontaire. L\u2019utilisation et le paiement de tous les services offerts sont autoris\u00e9s \u2013 si et dans la mesure o\u00f9 cela est techniquement possible et raisonnable \u2013 sans indication de donn\u00e9es personnelles ou en indiquant des donn\u00e9es anonymes ou un pseudonyme. L\u2019utilisation des adresses postales, des num\u00e9ros de t\u00e9l\u00e9phone ou de fax et des adresses \u00e9lectroniques publi\u00e9s \u00e0 des fins de marketing est interdite, les contrevenants qui envoient des messages non sollicit\u00e9s seront punis. Nous nous r\u00e9servons express\u00e9ment le droit d\u2019engager des poursuites judiciaires contre les exp\u00e9diteurs de messages dits \u00ab\u00a0spam\u00a0\u00bb en cas de violation de cette interdiction.<\/p>\n<p><strong>5. Validit\u00e9 juridique de la pr\u00e9sente clause de non-responsabilit\u00e9<\/strong><br \/>La pr\u00e9sente clause de non-responsabilit\u00e9 doit \u00eatre consid\u00e9r\u00e9e comme faisant partie de la publication Internet qui vous a renvoy\u00e9 \u00e0 cette page. Si certaines parties ou certains termes de cette d\u00e9claration ne sont pas l\u00e9gaux ou corrects, le contenu ou la validit\u00e9 des autres parties ne sont pas affect\u00e9s par ce fait. Aucune responsabilit\u00e9 n\u2019est assum\u00e9e pour les erreurs et les fautes.<\/p>\n","protected":false},"excerpt":{"rendered":"<p>Clause de non-responsabilit\u00e9 1. contenu de l\u2019offre en ligneL\u2019auteur se r\u00e9serve le droit de ne pas \u00eatre responsable de l\u2019actualit\u00e9, de l\u2019exactitude, de l\u2019exhaustivit\u00e9 ou de la qualit\u00e9 des informations fournies. Les demandes en responsabilit\u00e9 contre l\u2019auteur, qui se r\u00e9f\u00e8rent \u00e0 des dommages de nature mat\u00e9rielle ou imat\u00e9rielle, qui ont \u00e9t\u00e9 caus\u00e9s par l\u2019utilisation ou la non-utilisation des informations pr\u00e9sent\u00e9es et\/ou par l\u2019utilisation d\u2019informations incorrectes et incompl\u00e8tes, sont en principe impossibles, si de la part de l\u2019auteur il n\u2019y a pas de preuve de faute intentionnelle ou de n\u00e9gligence grossi\u00e8re. Toutes les offres sont susceptibles d\u2019\u00eatre modifi\u00e9es et non contraignantes. L\u2019auteur se r\u00e9serve express\u00e9ment le droit de modifier, de compl\u00e9ter [&hellip;]<\/p>\n","protected":false},"author":1,"featured_media":0,"parent":0,"menu_order":0,"comment_status":"closed","ping_status":"closed","template":"","meta":[],"translation":{"provider":"WPGlobus","version":"2.10.6","language":"fr","enabled_languages":["de","en","fr"],"languages":{"de":{"title":true,"content":true,"excerpt":false},"en":{"title":true,"content":true,"excerpt":false},"fr":{"title":false,"content":true,"excerpt":false}}},"_links":{"self":[{"href":"https:\/\/www.pumpentechnik-oberschwaben.de\/fr\/wp-json\/wp\/v2\/pages\/1186"}],"collection":[{"href":"https:\/\/www.pumpentechnik-oberschwaben.de\/fr\/wp-json\/wp\/v2\/pages"}],"about":[{"href":"https:\/\/www.pumpentechnik-oberschwaben.de\/fr\/wp-json\/wp\/v2\/types\/page"}],"author":[{"embeddable":true,"href":"https:\/\/www.pumpentechnik-oberschwaben.de\/fr\/wp-json\/wp\/v2\/users\/1"}],"replies":[{"embeddable":true,"href":"https:\/\/www.pumpentechnik-oberschwaben.de\/fr\/wp-json\/wp\/v2\/comments?post=1186"}],"version-history":[{"count":16,"href":"https:\/\/www.pumpentechnik-oberschwaben.de\/fr\/wp-json\/wp\/v2\/pages\/1186\/revisions"}],"predecessor-version":[{"id":1202,"href":"https:\/\/www.pumpentechnik-oberschwaben.de\/fr\/wp-json\/wp\/v2\/pages\/1186\/revisions\/1202"}],"wp:attachment":[{"href":"https:\/\/www.pumpentechnik-oberschwaben.de\/fr\/wp-json\/wp\/v2\/media?parent=1186"}],"curies":[{"name":"wp","href":"https:\/\/api.w.org\/{rel}","templated":true}]}}