{"id":1172,"date":"2022-12-07T13:54:48","date_gmt":"2022-12-07T13:54:48","guid":{"rendered":"https:\/\/www.pumpentechnik-oberschwaben.de\/?page_id=1172"},"modified":"2022-12-07T13:59:15","modified_gmt":"2022-12-07T13:59:15","slug":"datenschutz-2","status":"publish","type":"page","link":"https:\/\/www.pumpentechnik-oberschwaben.de\/fr\/datenschutz-2\/","title":{"rendered":"Datenschutz"},"content":{"rendered":"\n\t\t\t<!-- START kontakt_fr REVOLUTION SLIDER 6.6.7 --><p class=\"rs-p-wp-fix\"><\/p>\n\t\t\t<rs-module-wrap id=\"rev_slider_31_1_wrapper\" data-source=\"gallery\" style=\"visibility:hidden;background:transparent;padding:0;margin:0px auto;margin-top:0;margin-bottom:0;\">\n\t\t\t\t<rs-module id=\"rev_slider_31_1\" style=\"\" data-version=\"6.6.7\">\n\t\t\t\t\t<rs-slides style=\"overflow: hidden; position: absolute;\">\n\t\t\t\t\t\t<rs-slide style=\"position: absolute;\" data-key=\"rs-37\" data-title=\"Slide\" data-anim=\"adpr:false;\">\n\t\t\t\t\t\t\t<img src=\"\/\/www.pumpentechnik-oberschwaben.de\/wp-content\/plugins\/revslider\/public\/assets\/assets\/dummy.png\" alt=\"Slide\" title=\"Datenschutz\" class=\"rev-slidebg tp-rs-img rs-lazyload\" data-lazyload=\"\/\/www.pumpentechnik-oberschwaben.de\/wp-content\/plugins\/revslider\/public\/assets\/assets\/transparent.png\" data-bg=\"c:#0064a2;\" data-no-retina>\n<!--\n\t\t\t\t\t\t\t--><rs-layer\n\t\t\t\t\t\t\t\tid=\"slider-31-slide-37-layer-1\" \n\t\t\t\t\t\t\t\tdata-type=\"text\"\n\t\t\t\t\t\t\t\tdata-color=\"#ffffff\"\n\t\t\t\t\t\t\t\tdata-rsp_ch=\"on\"\n\t\t\t\t\t\t\t\tdata-xy=\"x:1px;y:81px;\"\n\t\t\t\t\t\t\t\tdata-text=\"l:22;a:inherit;\"\n\t\t\t\t\t\t\t\tdata-frame_0=\"tp:600;\"\n\t\t\t\t\t\t\t\tdata-frame_1=\"tp:600;st:0;\"\n\t\t\t\t\t\t\t\tdata-frame_999=\"o:0;tp:600;st:w;sR:8700;\"\n\t\t\t\t\t\t\t\tstyle=\"z-index:5;font-family:'Roboto';\"\n\t\t\t\t\t\t\t><h1>Contact<\/h1>  \n<h6>Vous pouvez nous joindre du lundi au vendredi de 9h00 \u00e0 12h00 et de 13h00 \u00e0 18h00<br> au ++49 (0) 7545 \/ 911-747 ou directement via le formulaire de contact. <\/h6> \n\t\t\t\t\t\t\t<\/rs-layer><!--\n\n\t\t\t\t\t\t\t--><rs-layer\n\t\t\t\t\t\t\t\tid=\"slider-31-slide-37-layer-2\" \n\t\t\t\t\t\t\t\tdata-type=\"image\"\n\t\t\t\t\t\t\t\tdata-rsp_ch=\"on\"\n\t\t\t\t\t\t\t\tdata-xy=\"x:670px;y:200px;\"\n\t\t\t\t\t\t\t\tdata-text=\"l:22;a:inherit;\"\n\t\t\t\t\t\t\t\tdata-dim=\"w:500px;h:500px;\"\n\t\t\t\t\t\t\t\tdata-frame_0=\"tp:600;\"\n\t\t\t\t\t\t\t\tdata-frame_1=\"tp:600;st:390;sp:600;sR:390;\"\n\t\t\t\t\t\t\t\tdata-frame_999=\"o:0;tp:600;st:w;sR:8010;\"\n\t\t\t\t\t\t\t\tstyle=\"z-index:6;\"\n\t\t\t\t\t\t\t><img src=\"\/\/www.pumpentechnik-oberschwaben.de\/wp-content\/plugins\/revslider\/public\/assets\/assets\/dummy.png\" alt=\"\" class=\"tp-rs-img rs-lazyload\" width=\"450\" height=\"450\" data-lazyload=\"\/\/www.pumpentechnik-oberschwaben.de\/wp-content\/uploads\/revslider\/kontakt1\/logo_negativ.jpg\" data-no-retina> \n\t\t\t\t\t\t\t<\/rs-layer><!--\n-->\t\t\t\t\t\t<\/rs-slide>\n\t\t\t\t\t<\/rs-slides>\n\t\t\t\t<\/rs-module>\n\t\t\t\t<script>\n\t\t\t\t\tsetREVStartSize({c: 'rev_slider_31_1',rl:[1240,1024,778,480],el:[],gw:[1140],gh:[450],type:'standard',justify:'',layout:'fullwidth',mh:\"0\"});if (window.RS_MODULES!==undefined && window.RS_MODULES.modules!==undefined && window.RS_MODULES.modules[\"revslider311\"]!==undefined) {window.RS_MODULES.modules[\"revslider311\"].once = false;window.revapi31 = undefined;if (window.RS_MODULES.checkMinimal!==undefined) window.RS_MODULES.checkMinimal()}\n\t\t\t\t<\/script>\n\t\t\t<\/rs-module-wrap>\n\t\t\t<!-- END REVOLUTION SLIDER -->\n\n<style>\/*! elementor - v3.9.0 - 06-12-2022 *\/\n.elementor-column .elementor-spacer-inner{height:var(--spacer-size)}.e-con{--container-widget-width:100%}.e-con-inner>.elementor-widget-spacer,.e-con>.elementor-widget-spacer{width:var(--container-widget-width,var(--spacer-size));--align-self:var(--container-widget-align-self,initial);--flex-shrink:0}.e-con-inner>.elementor-widget-spacer>.elementor-widget-container,.e-con-inner>.elementor-widget-spacer>.elementor-widget-container>.elementor-spacer,.e-con>.elementor-widget-spacer>.elementor-widget-container,.e-con>.elementor-widget-spacer>.elementor-widget-container>.elementor-spacer{height:100%}.e-con-inner>.elementor-widget-spacer>.elementor-widget-container>.elementor-spacer>.elementor-spacer-inner,.e-con>.elementor-widget-spacer>.elementor-widget-container>.elementor-spacer>.elementor-spacer-inner{height:var(--container-widget-height,var(--spacer-size))}<\/style>\n<style>\/*! elementor - v3.9.0 - 06-12-2022 *\/\n.elementor-heading-title{padding:0;margin:0;line-height:1}.elementor-widget-heading .elementor-heading-title[class*=elementor-size-]>a{color:inherit;font-size:inherit;line-height:inherit}.elementor-widget-heading .elementor-heading-title.elementor-size-small{font-size:15px}.elementor-widget-heading .elementor-heading-title.elementor-size-medium{font-size:19px}.elementor-widget-heading .elementor-heading-title.elementor-size-large{font-size:29px}.elementor-widget-heading .elementor-heading-title.elementor-size-xl{font-size:39px}.elementor-widget-heading .elementor-heading-title.elementor-size-xxl{font-size:59px}<\/style>\n<h2>Protection des donn\u00e9es<br \/>\n<\/h2>\n<p>Les op\u00e9rateurs de ces pages prennent tr\u00e8s au s\u00e9rieux la protection de vos donn\u00e9es personnelles. Nous traitons vos donn\u00e9es personnelles de mani\u00e8re confidentielle et conform\u00e9ment aux dispositions l\u00e9gales en mati\u00e8re de protection des donn\u00e9es ainsi qu\u2019\u00e0 la pr\u00e9sente d\u00e9claration de protection des donn\u00e9es.<\/p>\n<p>En r\u00e8gle g\u00e9n\u00e9rale, il est possible d\u2019utiliser notre site web sans fournir de donn\u00e9es personnelles. En ce qui concerne la collecte de donn\u00e9es personnelles (telles que le nom, l\u2019adresse ou les adresses \u00e9lectroniques), elle se fait dans la mesure du possible sur une base volontaire. Ces donn\u00e9es ne seront pas transmises \u00e0 des tiers sans votre consentement explicite.<\/p>\n<p>Nous tenons \u00e0 souligner que la transmission de donn\u00e9es sur Internet (par exemple, la communication par courrier \u00e9lectronique) peut pr\u00e9senter des lacunes en mati\u00e8re de s\u00e9curit\u00e9. Une protection compl\u00e8te des donn\u00e9es contre l\u2019acc\u00e8s par des tiers n\u2019est pas possible.<\/p>\n<p><strong>Cookies<\/strong><\/p>\n<p>Certaines pages Internet utilisent des \u00ab\u00a0cookies\u00a0\u00bb. Les cookies ne causent aucun dommage \u00e0 votre ordinateur et ne contiennent pas de virus. Les cookies servent \u00e0 rendre notre offre plus conviviale, plus efficace et plus s\u00fbre. Les cookies sont de petits fichiers texte qui sont stock\u00e9s sur votre ordinateur et enregistr\u00e9s par votre navigateur.<\/p>\n<p>La plupart des cookies que nous utilisons sont des \u00ab\u00a0cookies de session\u00a0\u00bb. Ils sont automatiquement supprim\u00e9s \u00e0 la fin de votre visite. Les autres cookies restent stock\u00e9s sur votre terminal jusqu\u2019\u00e0 ce que vous les supprimiez. Ces cookies nous permettent de reconna\u00eetre votre navigateur lors de votre prochaine visite.<\/p>\n<p>Vous pouvez configurer votre navigateur de mani\u00e8re \u00e0 \u00eatre inform\u00e9 de la mise en place de cookies et \u00e0 n\u2019autoriser les cookies que dans des cas individuels, \u00e0 exclure l\u2019acceptation de cookies dans certains cas ou de mani\u00e8re g\u00e9n\u00e9rale et \u00e0 activer la suppression automatique des cookies lors de la fermeture du navigateur. Si vous d\u00e9sactivez les cookies, la fonctionnalit\u00e9 de ce site web peut \u00eatre limit\u00e9e.<\/p>\n<p><strong>Fichiers journaux du serveur<\/strong><\/p>\n<p>Le fournisseur des pages collecte et stocke automatiquement des informations dans des fichiers journaux de serveur, que votre navigateur nous transmet automatiquement. C\u2019est le cas :<\/p>\n<p>* type de navigateur\/ version du navigateur<br \/>* Syst\u00e8me d\u2019exploitation utilis\u00e9<br \/>* URL de r\u00e9f\u00e9rence<br \/>* nom d\u2019h\u00f4te de l\u2019ordinateur d\u2019acc\u00e8s<br \/>* heure de l\u2019interrogation du serveur<\/p>\n<p>Ces donn\u00e9es ne peuvent \u00eatre attribu\u00e9es \u00e0 des personnes sp\u00e9cifiques. Ces donn\u00e9es ne sont pas combin\u00e9es avec d\u2019autres sources de donn\u00e9es. Nous nous r\u00e9servons le droit de v\u00e9rifier ces donn\u00e9es r\u00e9trospectivement si nous avons connaissance d\u2019indices concrets d\u2019une utilisation ill\u00e9gale.<\/p>\n<p><strong>Formulaire de contact<\/strong><\/p>\n<p>Si vous nous envoyez des demandes de renseignements par le biais du formulaire de contact, les donn\u00e9es que vous avez fournies dans ce formulaire, y compris vos coordonn\u00e9es, seront conserv\u00e9es par nos soins aux fins de traitement de la demande et en cas de questions compl\u00e9mentaires. Nous ne transmettons pas ces donn\u00e9es sans votre consentement.<\/p>\n<p><strong>Donn\u00e9es du bulletin d\u2019information<\/strong><\/p>\n<p>Si vous souhaitez recevoir la lettre d\u2019information propos\u00e9e sur le site, nous avons besoin d\u2019une adresse \u00e9lectronique de votre part ainsi que d\u2019informations qui nous permettent de v\u00e9rifier que vous \u00eates bien le propri\u00e9taire de l\u2019adresse \u00e9lectronique fournie et que vous acceptez de recevoir la lettre d\u2019information. Aucune autre donn\u00e9e ne sera collect\u00e9e. Nous utilisons ces donn\u00e9es exclusivement pour l\u2019envoi des informations demand\u00e9es et ne les transmettons pas \u00e0 des tiers.<\/p>\n<p>Vous pouvez r\u00e9voquer \u00e0 tout moment votre consentement au stockage des donn\u00e9es, de l\u2019adresse \u00e9lectronique et de leur utilisation pour l\u2019envoi de la lettre d\u2019information, par exemple via le lien \u00ab\u00a0se d\u00e9sabonner\u00a0\u00bb de la lettre d\u2019information.<\/p>\n<p><strong>Politique de confidentialit\u00e9 pour l\u2019utilisation de Google Analytics<\/strong><\/p>\n<p>Ce site web utilise les fonctions du service d\u2019analyse web Google Analytics. Le fournisseur est Google Inc. 1600 Amphitheatre Parkway Mountain View, CA 94043, USA. Google Analytics utilise ce qu\u2019on appelle des \u00ab\u00a0cookies\u00a0\u00bb. Il s\u2019agit de fichiers texte qui sont stock\u00e9s sur votre ordinateur et qui permettent d\u2019analyser votre utilisation du site web. Les informations g\u00e9n\u00e9r\u00e9es par le cookie concernant votre utilisation du site web seront transmises et stock\u00e9es par Google sur des serveurs situ\u00e9s aux \u00c9tats-Unis.<\/p>\n<p>Dans le cas o\u00f9 l\u2019anonymat IP est activ\u00e9 sur ce site web, votre adresse IP sera toutefois pr\u00e9alablement tronqu\u00e9e par Google dans les Etats membres de l\u2019Union europ\u00e9enne ou dans d\u2019autres Etats contractants \u00e0 l\u2019accord sur l\u2019Espace \u00e9conomique europ\u00e9en. Ce n\u2019est que dans des cas exceptionnels que l\u2019adresse IP compl\u00e8te sera transmise \u00e0 un serveur de Google aux \u00c9tats-Unis et y sera raccourcie. Au nom de l\u2019exploitant de ce site Web, Google utilisera ces informations dans le but d\u2019\u00e9valuer votre utilisation du site Web, de compiler des rapports sur l\u2019activit\u00e9 du site Web et de fournir d\u2019autres services li\u00e9s \u00e0 l\u2019activit\u00e9 du site Web et \u00e0 l\u2019utilisation d\u2019Internet \u00e0 l\u2019exploitant du site Web. L\u2019adresse IP transmise par votre navigateur dans le cadre de Google Analytics ne sera pas fusionn\u00e9e avec d\u2019autres donn\u00e9es de Google.<\/p>\n<p>Vous pouvez refuser l\u2019utilisation de cookies en s\u00e9lectionnant les param\u00e8tres appropri\u00e9s de votre navigateur, mais veuillez noter que si vous le faites, vous risquez de ne pas pouvoir utiliser toutes les fonctionnalit\u00e9s de ce site web. Vous pouvez \u00e9galement emp\u00eacher la collecte des donn\u00e9es g\u00e9n\u00e9r\u00e9es par le cookie et li\u00e9es \u00e0 votre utilisation du site web (y compris votre adresse IP) par Google et le traitement de ces donn\u00e9es par Google en t\u00e9l\u00e9chargeant et en installant le plugin du navigateur disponible sur le lien suivant : http:\/\/tools.google.com\/dlpage\/gaoptout?hl=de.<\/p>\n<p><strong>Politique de confidentialit\u00e9 pour l\u2019utilisation des plugins Facebook (bouton Like)<\/strong><\/p>\n<p>Des plugins du r\u00e9seau social Facebook, fournisseur de Facebook Inc, 1 Hacker Way, Menlo Park, California 94025, USA, sont int\u00e9gr\u00e9s \u00e0 nos pages. Vous pouvez reconna\u00eetre les plugins Facebook gr\u00e2ce au logo Facebook ou au bouton \u00ab\u00a0Like\u00a0\u00bb (\u00ab\u00a0J\u2019aime\u00a0\u00bb) sur notre site. Vous pouvez trouver un aper\u00e7u des plugins Facebook ici : http:\/\/developers.facebook.com\/docs\/plugins\/.<\/p>\n<p>Lorsque vous visitez nos pages, une connexion directe est \u00e9tablie entre votre navigateur et le serveur Facebook via le plugin. Facebook re\u00e7oit ainsi l\u2019information que vous avez visit\u00e9 notre site avec votre adresse IP. Si vous cliquez sur le bouton \u00ab\u00a0J\u2019aime\u00a0\u00bb de Facebook lorsque vous \u00eates connect\u00e9 \u00e0 votre compte Facebook, vous pouvez relier le contenu de nos pages \u00e0 votre profil Facebook. Cela permet \u00e0 Facebook d\u2019associer la visite de nos pages \u00e0 votre compte d\u2019utilisateur. Nous tenons \u00e0 souligner que nous, en tant que fournisseur des pages, n\u2019avons aucune connaissance du contenu des donn\u00e9es transmises ou de leur utilisation par Facebook. Pour plus d\u2019informations, veuillez consulter la politique de confidentialit\u00e9 de Facebook \u00e0 l\u2019adresse http:\/\/de-de.facebook.com\/policy.php.<\/p>\n<p>Si vous ne souhaitez pas que Facebook puisse associer votre visite sur nos pages \u00e0 votre compte d\u2019utilisateur Facebook, veuillez vous d\u00e9connecter de votre compte d\u2019utilisateur Facebook.<\/p>\n<p><strong>Politique de confidentialit\u00e9 pour l\u2019utilisation de YouTube<\/strong><\/p>\n<p>Notre site web utilise des plugins du site YouTube exploit\u00e9 par Google. L\u2019op\u00e9rateur des pages est YouTube, LLC, 901 Cherry Ave, San Bruno, CA 94066, USA. Lorsque vous visitez l\u2019une de nos pages \u00e9quip\u00e9es d\u2019un plugin YouTube, une connexion aux serveurs YouTube est \u00e9tablie. Cela indique au serveur YouTube les pages que vous avez visit\u00e9es.<br \/>Si vous \u00eates connect\u00e9 \u00e0 votre compte YouTube, vous permettez \u00e0 YouTube d\u2019attribuer votre comportement de navigation directement \u00e0 votre profil personnel. Vous pouvez \u00e9viter cela en vous d\u00e9connectant de votre compte YouTube.<\/p>\n<p>De plus amples informations sur le traitement des donn\u00e9es des utilisateurs sont disponibles dans la politique de confidentialit\u00e9 de YouTube \u00e0 l\u2019adresse https:\/\/www.google.de\/intl\/de\/policies\/privacy.<\/p>\n<p><strong>Information, suppression, blocage<\/strong><\/p>\n<p>Vous avez \u00e0 tout moment le droit d\u2019obtenir gratuitement des informations sur vos donn\u00e9es personnelles stock\u00e9es, leur origine et leur destinataire et sur la finalit\u00e9 du traitement des donn\u00e9es, ainsi que le droit de corriger, de bloquer ou de supprimer ces donn\u00e9es. Pour cela, ainsi que pour toute autre question relative aux donn\u00e9es personnelles, vous pouvez nous contacter \u00e0 tout moment \u00e0 l\u2019adresse indiqu\u00e9e dans les mentions l\u00e9gales.<\/p>\n<p><strong>Objection aux courriers \u00e9lectroniques publicitaires<\/strong><\/p>\n<p>Nous nous opposons par la pr\u00e9sente \u00e0 l\u2019utilisation des donn\u00e9es de contact publi\u00e9es dans le cadre de l\u2019obligation d\u2019impression pour l\u2019envoi de mat\u00e9riel publicitaire et d\u2019information qui n\u2019a pas \u00e9t\u00e9 express\u00e9ment demand\u00e9. Les exploitants des pages se r\u00e9servent express\u00e9ment le droit d\u2019engager des poursuites judiciaires en cas d\u2019envoi non sollicit\u00e9 d\u2019informations publicitaires, comme les courriers \u00e9lectroniques non sollicit\u00e9s (spam).<\/p>\n<p>Source : Datenschutz24.de<\/p>\n","protected":false},"excerpt":{"rendered":"<p>Protection des donn\u00e9es Les op\u00e9rateurs de ces pages prennent tr\u00e8s au s\u00e9rieux la protection de vos donn\u00e9es personnelles. Nous traitons vos donn\u00e9es personnelles de mani\u00e8re confidentielle et conform\u00e9ment aux dispositions l\u00e9gales en mati\u00e8re de protection des donn\u00e9es ainsi qu\u2019\u00e0 la pr\u00e9sente d\u00e9claration de protection des donn\u00e9es. En r\u00e8gle g\u00e9n\u00e9rale, il est possible d\u2019utiliser notre site web sans fournir de donn\u00e9es personnelles. En ce qui concerne la collecte de donn\u00e9es personnelles (telles que le nom, l\u2019adresse ou les adresses \u00e9lectroniques), elle se fait dans la mesure du possible sur une base volontaire. Ces donn\u00e9es ne seront pas transmises \u00e0 des tiers sans votre consentement explicite. Nous tenons \u00e0 souligner que la [&hellip;]<\/p>\n","protected":false},"author":1,"featured_media":0,"parent":0,"menu_order":0,"comment_status":"closed","ping_status":"closed","template":"","meta":[],"translation":{"provider":"WPGlobus","version":"2.10.6","language":"fr","enabled_languages":["de","en","fr"],"languages":{"de":{"title":true,"content":true,"excerpt":false},"en":{"title":true,"content":true,"excerpt":false},"fr":{"title":false,"content":true,"excerpt":false}}},"_links":{"self":[{"href":"https:\/\/www.pumpentechnik-oberschwaben.de\/fr\/wp-json\/wp\/v2\/pages\/1172"}],"collection":[{"href":"https:\/\/www.pumpentechnik-oberschwaben.de\/fr\/wp-json\/wp\/v2\/pages"}],"about":[{"href":"https:\/\/www.pumpentechnik-oberschwaben.de\/fr\/wp-json\/wp\/v2\/types\/page"}],"author":[{"embeddable":true,"href":"https:\/\/www.pumpentechnik-oberschwaben.de\/fr\/wp-json\/wp\/v2\/users\/1"}],"replies":[{"embeddable":true,"href":"https:\/\/www.pumpentechnik-oberschwaben.de\/fr\/wp-json\/wp\/v2\/comments?post=1172"}],"version-history":[{"count":13,"href":"https:\/\/www.pumpentechnik-oberschwaben.de\/fr\/wp-json\/wp\/v2\/pages\/1172\/revisions"}],"predecessor-version":[{"id":1185,"href":"https:\/\/www.pumpentechnik-oberschwaben.de\/fr\/wp-json\/wp\/v2\/pages\/1172\/revisions\/1185"}],"wp:attachment":[{"href":"https:\/\/www.pumpentechnik-oberschwaben.de\/fr\/wp-json\/wp\/v2\/media?parent=1172"}],"curies":[{"name":"wp","href":"https:\/\/api.w.org\/{rel}","templated":true}]}}