{"id":1152,"date":"2022-12-07T13:47:27","date_gmt":"2022-12-07T13:47:27","guid":{"rendered":"https:\/\/www.pumpentechnik-oberschwaben.de\/?page_id=1152"},"modified":"2022-12-07T13:53:09","modified_gmt":"2022-12-07T13:53:09","slug":"impressum-2","status":"publish","type":"page","link":"https:\/\/www.pumpentechnik-oberschwaben.de\/fr\/impressum-2\/","title":{"rendered":"Impressum"},"content":{"rendered":"\n\t\t\t<!-- START kontakt_fr REVOLUTION SLIDER 6.6.7 --><p class=\"rs-p-wp-fix\"><\/p>\n\t\t\t<rs-module-wrap id=\"rev_slider_31_1_wrapper\" data-source=\"gallery\" style=\"visibility:hidden;background:transparent;padding:0;margin:0px auto;margin-top:0;margin-bottom:0;\">\n\t\t\t\t<rs-module id=\"rev_slider_31_1\" style=\"\" data-version=\"6.6.7\">\n\t\t\t\t\t<rs-slides style=\"overflow: hidden; position: absolute;\">\n\t\t\t\t\t\t<rs-slide style=\"position: absolute;\" data-key=\"rs-37\" data-title=\"Slide\" data-anim=\"adpr:false;\">\n\t\t\t\t\t\t\t<img src=\"\/\/www.pumpentechnik-oberschwaben.de\/wp-content\/plugins\/revslider\/public\/assets\/assets\/dummy.png\" alt=\"Slide\" title=\"Impressum\" class=\"rev-slidebg tp-rs-img rs-lazyload\" data-lazyload=\"\/\/www.pumpentechnik-oberschwaben.de\/wp-content\/plugins\/revslider\/public\/assets\/assets\/transparent.png\" data-bg=\"c:#0064a2;\" data-no-retina>\n<!--\n\t\t\t\t\t\t\t--><rs-layer\n\t\t\t\t\t\t\t\tid=\"slider-31-slide-37-layer-1\" \n\t\t\t\t\t\t\t\tdata-type=\"text\"\n\t\t\t\t\t\t\t\tdata-color=\"#ffffff\"\n\t\t\t\t\t\t\t\tdata-rsp_ch=\"on\"\n\t\t\t\t\t\t\t\tdata-xy=\"x:1px;y:81px;\"\n\t\t\t\t\t\t\t\tdata-text=\"l:22;a:inherit;\"\n\t\t\t\t\t\t\t\tdata-frame_0=\"tp:600;\"\n\t\t\t\t\t\t\t\tdata-frame_1=\"tp:600;st:0;\"\n\t\t\t\t\t\t\t\tdata-frame_999=\"o:0;tp:600;st:w;sR:8700;\"\n\t\t\t\t\t\t\t\tstyle=\"z-index:5;font-family:'Roboto';\"\n\t\t\t\t\t\t\t><h1>Contact<\/h1>  \n<h6>Vous pouvez nous joindre du lundi au vendredi de 9h00 \u00e0 12h00 et de 13h00 \u00e0 18h00<br> au ++49 (0) 7545 \/ 911-747 ou directement via le formulaire de contact. <\/h6> \n\t\t\t\t\t\t\t<\/rs-layer><!--\n\n\t\t\t\t\t\t\t--><rs-layer\n\t\t\t\t\t\t\t\tid=\"slider-31-slide-37-layer-2\" \n\t\t\t\t\t\t\t\tdata-type=\"image\"\n\t\t\t\t\t\t\t\tdata-rsp_ch=\"on\"\n\t\t\t\t\t\t\t\tdata-xy=\"x:670px;y:200px;\"\n\t\t\t\t\t\t\t\tdata-text=\"l:22;a:inherit;\"\n\t\t\t\t\t\t\t\tdata-dim=\"w:500px;h:500px;\"\n\t\t\t\t\t\t\t\tdata-frame_0=\"tp:600;\"\n\t\t\t\t\t\t\t\tdata-frame_1=\"tp:600;st:390;sp:600;sR:390;\"\n\t\t\t\t\t\t\t\tdata-frame_999=\"o:0;tp:600;st:w;sR:8010;\"\n\t\t\t\t\t\t\t\tstyle=\"z-index:6;\"\n\t\t\t\t\t\t\t><img src=\"\/\/www.pumpentechnik-oberschwaben.de\/wp-content\/plugins\/revslider\/public\/assets\/assets\/dummy.png\" alt=\"\" class=\"tp-rs-img rs-lazyload\" width=\"450\" height=\"450\" data-lazyload=\"\/\/www.pumpentechnik-oberschwaben.de\/wp-content\/uploads\/revslider\/kontakt1\/logo_negativ.jpg\" data-no-retina> \n\t\t\t\t\t\t\t<\/rs-layer><!--\n-->\t\t\t\t\t\t<\/rs-slide>\n\t\t\t\t\t<\/rs-slides>\n\t\t\t\t<\/rs-module>\n\t\t\t\t<script>\n\t\t\t\t\tsetREVStartSize({c: 'rev_slider_31_1',rl:[1240,1024,778,480],el:[],gw:[1140],gh:[450],type:'standard',justify:'',layout:'fullwidth',mh:\"0\"});if (window.RS_MODULES!==undefined && window.RS_MODULES.modules!==undefined && window.RS_MODULES.modules[\"revslider311\"]!==undefined) {window.RS_MODULES.modules[\"revslider311\"].once = false;window.revapi31 = undefined;if (window.RS_MODULES.checkMinimal!==undefined) window.RS_MODULES.checkMinimal()}\n\t\t\t\t<\/script>\n\t\t\t<\/rs-module-wrap>\n\t\t\t<!-- END REVOLUTION SLIDER -->\n\n<style>\/*! elementor - v3.9.0 - 06-12-2022 *\/\n.elementor-column .elementor-spacer-inner{height:var(--spacer-size)}.e-con{--container-widget-width:100%}.e-con-inner>.elementor-widget-spacer,.e-con>.elementor-widget-spacer{width:var(--container-widget-width,var(--spacer-size));--align-self:var(--container-widget-align-self,initial);--flex-shrink:0}.e-con-inner>.elementor-widget-spacer>.elementor-widget-container,.e-con-inner>.elementor-widget-spacer>.elementor-widget-container>.elementor-spacer,.e-con>.elementor-widget-spacer>.elementor-widget-container,.e-con>.elementor-widget-spacer>.elementor-widget-container>.elementor-spacer{height:100%}.e-con-inner>.elementor-widget-spacer>.elementor-widget-container>.elementor-spacer>.elementor-spacer-inner,.e-con>.elementor-widget-spacer>.elementor-widget-container>.elementor-spacer>.elementor-spacer-inner{height:var(--container-widget-height,var(--spacer-size))}<\/style>\n<style>\/*! elementor - v3.9.0 - 06-12-2022 *\/\n.elementor-heading-title{padding:0;margin:0;line-height:1}.elementor-widget-heading .elementor-heading-title[class*=elementor-size-]>a{color:inherit;font-size:inherit;line-height:inherit}.elementor-widget-heading .elementor-heading-title.elementor-size-small{font-size:15px}.elementor-widget-heading .elementor-heading-title.elementor-size-medium{font-size:19px}.elementor-widget-heading .elementor-heading-title.elementor-size-large{font-size:29px}.elementor-widget-heading .elementor-heading-title.elementor-size-xl{font-size:39px}.elementor-widget-heading .elementor-heading-title.elementor-size-xxl{font-size:59px}<\/style>\n<h2>Mentions l\u00e9gales<br \/>\n<\/h2>\n<p><strong>Pumpentechnik Oberschwaben UG (responsabilit\u00e9 limit\u00e9e)<\/strong><br \/>t\u00e9l. ++ 49(0)7545 \/ 911-747<br \/>fax ++49(0)7545 \/ 911-785<br \/>Courrier \u00e9lectronique : info@pt-ob.de<br \/>Directeur g\u00e9n\u00e9ral : Hans-J\u00fcrgen Bohe<\/p>\n<p>\u00a0<\/p>\n<p><strong>Si\u00e8ge de l\u2019entreprise<\/strong><br \/>Hardtstra\u00dfe 24 a<br \/>D-88090 Immenstaad<\/p>\n<p><strong>Tribunal d\u2019arrondissement d\u2019Ulm<\/strong><br \/>HRB 730853<br \/>Num\u00e9ro d\u2019identification de la TVA : DE815506465<\/p>\n<p><strong>\u00c9diteur<\/strong><br \/>Pumpentechnik Oberschwaben UG<\/p>\n<p><strong>Copyright\u00a9 2018<\/strong><br \/>Pumpentechnik Oberschwaben UG tous droits r\u00e9serv\u00e9s. La reproduction ou le traitement ult\u00e9rieur de cette publication ou de parties de celle-ci, sont possibles uniquement avec notre autorisation \u00e9crite.<\/p>\n<p><strong>Avis de responsabilit\u00e9<\/strong><br \/>Malgr\u00e9 un contr\u00f4le minutieux du contenu, nous ne sommes pas responsables du contenu des liens externes. Les exploitants des pages li\u00e9es sont seuls responsables de leur contenu.<\/p>\n<p><strong>R\u00e9solution des litiges<\/strong><br \/>La Commission europ\u00e9enne propose une plateforme de r\u00e8glement des litiges en ligne (OS) : https:\/\/ec.europa.eu\/consumers\/odr. Vous trouverez notre adresse \u00e9lectronique dans les mentions l\u00e9gales ci-dessus. Nous ne sommes ni dispos\u00e9s ni oblig\u00e9s de participer \u00e0 une proc\u00e9dure de r\u00e8glement des litiges devant un conseil d\u2019arbitrage pour les consommateurs.<\/p>\n","protected":false},"excerpt":{"rendered":"<p>Mentions l\u00e9gales Pumpentechnik Oberschwaben UG (responsabilit\u00e9 limit\u00e9e)t\u00e9l. ++ 49(0)7545 \/ 911-747fax ++49(0)7545 \/ 911-785Courrier \u00e9lectronique : info@pt-ob.deDirecteur g\u00e9n\u00e9ral : Hans-J\u00fcrgen Bohe \u00a0 Si\u00e8ge de l\u2019entrepriseHardtstra\u00dfe 24 aD-88090 Immenstaad Tribunal d\u2019arrondissement d\u2019UlmHRB 730853Num\u00e9ro d\u2019identification de la TVA : DE815506465 \u00c9diteurPumpentechnik Oberschwaben UG Copyright\u00a9 2018Pumpentechnik Oberschwaben UG tous droits r\u00e9serv\u00e9s. La reproduction ou le traitement ult\u00e9rieur de cette publication ou de parties de celle-ci, sont possibles uniquement avec notre autorisation \u00e9crite. Avis de responsabilit\u00e9Malgr\u00e9 un contr\u00f4le minutieux du contenu, nous ne sommes pas responsables du contenu des liens externes. Les exploitants des pages li\u00e9es sont seuls responsables de leur contenu. R\u00e9solution des litigesLa Commission europ\u00e9enne propose une plateforme de r\u00e8glement des litiges [&hellip;]<\/p>\n","protected":false},"author":1,"featured_media":0,"parent":0,"menu_order":0,"comment_status":"closed","ping_status":"closed","template":"","meta":[],"translation":{"provider":"WPGlobus","version":"2.10.6","language":"fr","enabled_languages":["de","en","fr"],"languages":{"de":{"title":true,"content":true,"excerpt":false},"en":{"title":true,"content":true,"excerpt":false},"fr":{"title":false,"content":true,"excerpt":false}}},"_links":{"self":[{"href":"https:\/\/www.pumpentechnik-oberschwaben.de\/fr\/wp-json\/wp\/v2\/pages\/1152"}],"collection":[{"href":"https:\/\/www.pumpentechnik-oberschwaben.de\/fr\/wp-json\/wp\/v2\/pages"}],"about":[{"href":"https:\/\/www.pumpentechnik-oberschwaben.de\/fr\/wp-json\/wp\/v2\/types\/page"}],"author":[{"embeddable":true,"href":"https:\/\/www.pumpentechnik-oberschwaben.de\/fr\/wp-json\/wp\/v2\/users\/1"}],"replies":[{"embeddable":true,"href":"https:\/\/www.pumpentechnik-oberschwaben.de\/fr\/wp-json\/wp\/v2\/comments?post=1152"}],"version-history":[{"count":19,"href":"https:\/\/www.pumpentechnik-oberschwaben.de\/fr\/wp-json\/wp\/v2\/pages\/1152\/revisions"}],"predecessor-version":[{"id":1171,"href":"https:\/\/www.pumpentechnik-oberschwaben.de\/fr\/wp-json\/wp\/v2\/pages\/1152\/revisions\/1171"}],"wp:attachment":[{"href":"https:\/\/www.pumpentechnik-oberschwaben.de\/fr\/wp-json\/wp\/v2\/media?parent=1152"}],"curies":[{"name":"wp","href":"https:\/\/api.w.org\/{rel}","templated":true}]}}