{"id":1134,"date":"2022-12-07T13:32:45","date_gmt":"2022-12-07T13:32:45","guid":{"rendered":"https:\/\/www.pumpentechnik-oberschwaben.de\/?page_id=1134"},"modified":"2022-12-07T13:43:28","modified_gmt":"2022-12-07T13:43:28","slug":"kontakt-2","status":"publish","type":"page","link":"https:\/\/www.pumpentechnik-oberschwaben.de\/fr\/kontakt-2\/","title":{"rendered":"Kontakt"},"content":{"rendered":"\n\t\t\t<!-- START kontakt_fr REVOLUTION SLIDER 6.6.7 --><p class=\"rs-p-wp-fix\"><\/p>\n\t\t\t<rs-module-wrap id=\"rev_slider_31_1_wrapper\" data-source=\"gallery\" style=\"visibility:hidden;background:transparent;padding:0;margin:0px auto;margin-top:0;margin-bottom:0;\">\n\t\t\t\t<rs-module id=\"rev_slider_31_1\" style=\"\" data-version=\"6.6.7\">\n\t\t\t\t\t<rs-slides style=\"overflow: hidden; position: absolute;\">\n\t\t\t\t\t\t<rs-slide style=\"position: absolute;\" data-key=\"rs-37\" data-title=\"Slide\" data-anim=\"adpr:false;\">\n\t\t\t\t\t\t\t<img src=\"\/\/www.pumpentechnik-oberschwaben.de\/wp-content\/plugins\/revslider\/public\/assets\/assets\/dummy.png\" alt=\"Slide\" title=\"Kontakt\" class=\"rev-slidebg tp-rs-img rs-lazyload\" data-lazyload=\"\/\/www.pumpentechnik-oberschwaben.de\/wp-content\/plugins\/revslider\/public\/assets\/assets\/transparent.png\" data-bg=\"c:#0064a2;\" data-no-retina>\n<!--\n\t\t\t\t\t\t\t--><rs-layer\n\t\t\t\t\t\t\t\tid=\"slider-31-slide-37-layer-1\" \n\t\t\t\t\t\t\t\tdata-type=\"text\"\n\t\t\t\t\t\t\t\tdata-color=\"#ffffff\"\n\t\t\t\t\t\t\t\tdata-rsp_ch=\"on\"\n\t\t\t\t\t\t\t\tdata-xy=\"x:1px;y:81px;\"\n\t\t\t\t\t\t\t\tdata-text=\"l:22;a:inherit;\"\n\t\t\t\t\t\t\t\tdata-frame_0=\"tp:600;\"\n\t\t\t\t\t\t\t\tdata-frame_1=\"tp:600;st:0;\"\n\t\t\t\t\t\t\t\tdata-frame_999=\"o:0;tp:600;st:w;sR:8700;\"\n\t\t\t\t\t\t\t\tstyle=\"z-index:5;font-family:'Roboto';\"\n\t\t\t\t\t\t\t><h1>Contact<\/h1>  \n<h6>Vous pouvez nous joindre du lundi au vendredi de 9h00 \u00e0 12h00 et de 13h00 \u00e0 18h00<br> au ++49 (0) 7545 \/ 911-747 ou directement via le formulaire de contact. <\/h6> \n\t\t\t\t\t\t\t<\/rs-layer><!--\n\n\t\t\t\t\t\t\t--><rs-layer\n\t\t\t\t\t\t\t\tid=\"slider-31-slide-37-layer-2\" \n\t\t\t\t\t\t\t\tdata-type=\"image\"\n\t\t\t\t\t\t\t\tdata-rsp_ch=\"on\"\n\t\t\t\t\t\t\t\tdata-xy=\"x:670px;y:200px;\"\n\t\t\t\t\t\t\t\tdata-text=\"l:22;a:inherit;\"\n\t\t\t\t\t\t\t\tdata-dim=\"w:500px;h:500px;\"\n\t\t\t\t\t\t\t\tdata-frame_0=\"tp:600;\"\n\t\t\t\t\t\t\t\tdata-frame_1=\"tp:600;st:390;sp:600;sR:390;\"\n\t\t\t\t\t\t\t\tdata-frame_999=\"o:0;tp:600;st:w;sR:8010;\"\n\t\t\t\t\t\t\t\tstyle=\"z-index:6;\"\n\t\t\t\t\t\t\t><img src=\"\/\/www.pumpentechnik-oberschwaben.de\/wp-content\/plugins\/revslider\/public\/assets\/assets\/dummy.png\" alt=\"\" class=\"tp-rs-img rs-lazyload\" width=\"450\" height=\"450\" data-lazyload=\"\/\/www.pumpentechnik-oberschwaben.de\/wp-content\/uploads\/revslider\/kontakt1\/logo_negativ.jpg\" data-no-retina> \n\t\t\t\t\t\t\t<\/rs-layer><!--\n-->\t\t\t\t\t\t<\/rs-slide>\n\t\t\t\t\t<\/rs-slides>\n\t\t\t\t<\/rs-module>\n\t\t\t\t<script>\n\t\t\t\t\tsetREVStartSize({c: 'rev_slider_31_1',rl:[1240,1024,778,480],el:[],gw:[1140],gh:[450],type:'standard',justify:'',layout:'fullwidth',mh:\"0\"});if (window.RS_MODULES!==undefined && window.RS_MODULES.modules!==undefined && window.RS_MODULES.modules[\"revslider311\"]!==undefined) {window.RS_MODULES.modules[\"revslider311\"].once = false;window.revapi31 = undefined;if (window.RS_MODULES.checkMinimal!==undefined) window.RS_MODULES.checkMinimal()}\n\t\t\t\t<\/script>\n\t\t\t<\/rs-module-wrap>\n\t\t\t<!-- END REVOLUTION SLIDER -->\n\n<style>\/*! elementor - v3.9.0 - 06-12-2022 *\/\n.elementor-column .elementor-spacer-inner{height:var(--spacer-size)}.e-con{--container-widget-width:100%}.e-con-inner>.elementor-widget-spacer,.e-con>.elementor-widget-spacer{width:var(--container-widget-width,var(--spacer-size));--align-self:var(--container-widget-align-self,initial);--flex-shrink:0}.e-con-inner>.elementor-widget-spacer>.elementor-widget-container,.e-con-inner>.elementor-widget-spacer>.elementor-widget-container>.elementor-spacer,.e-con>.elementor-widget-spacer>.elementor-widget-container,.e-con>.elementor-widget-spacer>.elementor-widget-container>.elementor-spacer{height:100%}.e-con-inner>.elementor-widget-spacer>.elementor-widget-container>.elementor-spacer>.elementor-spacer-inner,.e-con>.elementor-widget-spacer>.elementor-widget-container>.elementor-spacer>.elementor-spacer-inner{height:var(--container-widget-height,var(--spacer-size))}<\/style>\n<style>\/*! elementor - v3.9.0 - 06-12-2022 *\/\n.elementor-heading-title{padding:0;margin:0;line-height:1}.elementor-widget-heading .elementor-heading-title[class*=elementor-size-]>a{color:inherit;font-size:inherit;line-height:inherit}.elementor-widget-heading .elementor-heading-title.elementor-size-small{font-size:15px}.elementor-widget-heading .elementor-heading-title.elementor-size-medium{font-size:19px}.elementor-widget-heading .elementor-heading-title.elementor-size-large{font-size:29px}.elementor-widget-heading .elementor-heading-title.elementor-size-xl{font-size:39px}.elementor-widget-heading .elementor-heading-title.elementor-size-xxl{font-size:59px}<\/style>\n<h2>Notre \u00e9quipe<br \/>\n<\/h2>\n<p>\t\tLes esprits derri\u00e8re Pumpentechnik<\/p>\n<style>\/*! elementor - v3.9.0 - 06-12-2022 *\/\n.elementor-widget-image{text-align:center}.elementor-widget-image a{display:inline-block}.elementor-widget-image a img[src$=\".svg\"]{width:48px}.elementor-widget-image img{vertical-align:middle;display:inline-block}<\/style>\n<p>\t\t\t\t\t\t\t\t\t\t\t\t<img decoding=\"async\" width=\"490\" height=\"600\" src=\"https:\/\/www.pumpentechnik-oberschwaben.de\/wp-content\/uploads\/2019\/04\/pto_v1.jpg\" alt=\"\" loading=\"lazy\" srcset=\"https:\/\/www.pumpentechnik-oberschwaben.de\/wp-content\/uploads\/2019\/04\/pto_v1.jpg 490w, https:\/\/www.pumpentechnik-oberschwaben.de\/wp-content\/uploads\/2019\/04\/pto_v1-245x300.jpg 245w\" sizes=\"(max-width: 490px) 100vw, 490px\" \/>\t\t\t\t\t\t\t\t\t\t\t\t\t\t\t<\/p>\n<p><strong>Hans-J\u00fcrgen Bohe<br \/><\/strong>Directeur g\u00e9n\u00e9ral<\/p>\n<p>\t\t\t\t\t\t\t\t\t\t\t\t\t\t\t<img decoding=\"async\" width=\"490\" height=\"600\" src=\"https:\/\/www.pumpentechnik-oberschwaben.de\/wp-content\/uploads\/2019\/04\/pto_v1.jpg\" alt=\"\" loading=\"lazy\" srcset=\"https:\/\/www.pumpentechnik-oberschwaben.de\/wp-content\/uploads\/2019\/04\/pto_v1.jpg 490w, https:\/\/www.pumpentechnik-oberschwaben.de\/wp-content\/uploads\/2019\/04\/pto_v1-245x300.jpg 245w\" sizes=\"(max-width: 490px) 100vw, 490px\" \/>\t\t\t\t\t\t\t\t\t\t\t\t\t\t\t<\/p>\n<p><b>Sylvia Bohe<br \/><\/b>Administration<\/p>\n<p>\t\t\t\t\t\t\t\t\t\t\t\t\t\t\t<img decoding=\"async\" width=\"490\" height=\"600\" src=\"https:\/\/www.pumpentechnik-oberschwaben.de\/wp-content\/uploads\/2022\/12\/etl_gruppe.jpg\" alt=\"\" loading=\"lazy\" srcset=\"https:\/\/www.pumpentechnik-oberschwaben.de\/wp-content\/uploads\/2022\/12\/etl_gruppe.jpg 490w, https:\/\/www.pumpentechnik-oberschwaben.de\/wp-content\/uploads\/2022\/12\/etl_gruppe-245x300.jpg 245w\" sizes=\"(max-width: 490px) 100vw, 490px\" \/>\t\t\t\t\t\t\t\t\t\t\t\t\t\t\t<\/p>\n<p><b>Michael Brielmaier<br \/><\/b>Direction commerciale via notre partenaire ETL Bodensee<\/p>\n\n\t\t\t<!-- START immen_fr REVOLUTION SLIDER 6.6.7 --><p class=\"rs-p-wp-fix\"><\/p>\n\t\t\t<rs-module-wrap id=\"rev_slider_29_2_wrapper\" data-source=\"gallery\" style=\"visibility:hidden;background:transparent;padding:0;margin:0px auto;margin-top:0;margin-bottom:0;\">\n\t\t\t\t<rs-module id=\"rev_slider_29_2\" style=\"\" data-version=\"6.6.7\">\n\t\t\t\t\t<rs-slides style=\"overflow: hidden; position: absolute;\">\n\t\t\t\t\t\t<rs-slide style=\"position: absolute;\" data-key=\"rs-35\" data-title=\"Slide\" data-anim=\"adpr:false;\">\n\t\t\t\t\t\t\t<img src=\"\/\/www.pumpentechnik-oberschwaben.de\/wp-content\/plugins\/revslider\/public\/assets\/assets\/dummy.png\" alt=\"Slide\" title=\"Kontakt\" class=\"rev-slidebg tp-rs-img rs-lazyload\" data-lazyload=\"\/\/www.pumpentechnik-oberschwaben.de\/wp-content\/plugins\/revslider\/public\/assets\/assets\/transparent.png\" data-bg=\"c:#dadada;\" data-no-retina>\n<!--\n\t\t\t\t\t\t\t--><rs-layer\n\t\t\t\t\t\t\t\tid=\"slider-29-slide-35-layer-1\" \n\t\t\t\t\t\t\t\tdata-type=\"image\"\n\t\t\t\t\t\t\t\tdata-rsp_ch=\"on\"\n\t\t\t\t\t\t\t\tdata-xy=\"x:698px;y:100px;\"\n\t\t\t\t\t\t\t\tdata-text=\"l:22;a:inherit;\"\n\t\t\t\t\t\t\t\tdata-dim=\"w:449px;h:174px;\"\n\t\t\t\t\t\t\t\tdata-frame_0=\"tp:600;\"\n\t\t\t\t\t\t\t\tdata-frame_1=\"tp:600;sR:10;\"\n\t\t\t\t\t\t\t\tdata-frame_999=\"o:0;tp:600;st:w;sR:8690;\"\n\t\t\t\t\t\t\t\tstyle=\"z-index:5;\"\n\t\t\t\t\t\t\t><img src=\"\/\/www.pumpentechnik-oberschwaben.de\/wp-content\/plugins\/revslider\/public\/assets\/assets\/dummy.png\" alt=\"\" class=\"tp-rs-img rs-lazyload\" width=\"1590\" height=\"616\" data-lazyload=\"\/\/www.pumpentechnik-oberschwaben.de\/wp-content\/uploads\/revslider\/immen1\/bodensee.jpg\" data-no-retina> \n\t\t\t\t\t\t\t<\/rs-layer><!--\n\n\t\t\t\t\t\t\t--><rs-layer\n\t\t\t\t\t\t\t\tid=\"slider-29-slide-35-layer-2\" \n\t\t\t\t\t\t\t\tdata-type=\"text\"\n\t\t\t\t\t\t\t\tdata-color=\"#ffffff\"\n\t\t\t\t\t\t\t\tdata-rsp_ch=\"on\"\n\t\t\t\t\t\t\t\tdata-xy=\"x:3px;y:70px;\"\n\t\t\t\t\t\t\t\tdata-text=\"l:22;a:inherit;\"\n\t\t\t\t\t\t\t\tdata-frame_0=\"tp:600;\"\n\t\t\t\t\t\t\t\tdata-frame_1=\"tp:600;sR:10;\"\n\t\t\t\t\t\t\t\tdata-frame_999=\"o:0;tp:600;st:w;sR:8690;\"\n\t\t\t\t\t\t\t\tstyle=\"z-index:6;font-family:'Roboto';\"\n\t\t\t\t\t\t\t><h3 style=\"color:#0064a2;\">TRAVAILLER<br> \u00e0 IMMENSTAAD<\/h3>  <h6 style=\"color:#0064a2;\">Notre entreprise est situ\u00e9e au milieu de la r\u00e9gion touristique du lac de Constance. <br> Pr\u00e9cis\u00e9ment au niveau du triangle frontalier entre l'Allemagne, l'Autriche et la Suisse. <br>Cet emplacement garantit non seulement une atmosph\u00e8re de travail idyllique et optimale, <br>mais aussi une infrastructure id\u00e9ale pour le d\u00e9veloppement, l'entreposage, l'exp\u00e9dition et le service. \n\t\t\t\t\t\t\t<\/rs-layer><!--\n\n\t\t\t\t\t\t\t--><rs-layer\n\t\t\t\t\t\t\t\tid=\"slider-29-slide-35-layer-3\" \n\t\t\t\t\t\t\t\tclass=\"tp-shape tp-shapewrapper\"\n\t\t\t\t\t\t\t\tdata-type=\"shape\"\n\t\t\t\t\t\t\t\tdata-rsp_ch=\"on\"\n\t\t\t\t\t\t\t\tdata-xy=\"x:906px;y:151px;\"\n\t\t\t\t\t\t\t\tdata-text=\"a:inherit;\"\n\t\t\t\t\t\t\t\tdata-dim=\"w:23px;h:23px;\"\n\t\t\t\t\t\t\t\tdata-border=\"bor:100px,100px,100px,100px;\"\n\t\t\t\t\t\t\t\tdata-frame_0=\"tp:600;\"\n\t\t\t\t\t\t\t\tdata-frame_1=\"tp:600;sR:10;\"\n\t\t\t\t\t\t\t\tdata-frame_999=\"o:0;tp:600;st:w;sR:8690;\"\n\t\t\t\t\t\t\t\tstyle=\"z-index:7;background-color:rgba(255,255,255,0.5);\"\n\t\t\t\t\t\t\t> \n\t\t\t\t\t\t\t<\/rs-layer><!--\n-->\t\t\t\t\t\t<\/rs-slide>\n\t\t\t\t\t<\/rs-slides>\n\t\t\t\t<\/rs-module>\n\t\t\t\t<script>\n\t\t\t\t\tsetREVStartSize({c: 'rev_slider_29_2',rl:[1240,1024,778,480],el:[],gw:[1140],gh:[400],type:'hero',justify:'',layout:'fullwidth',mh:\"0\"});if (window.RS_MODULES!==undefined && window.RS_MODULES.modules!==undefined && window.RS_MODULES.modules[\"revslider292\"]!==undefined) {window.RS_MODULES.modules[\"revslider292\"].once = false;window.revapi29 = undefined;if (window.RS_MODULES.checkMinimal!==undefined) window.RS_MODULES.checkMinimal()}\n\t\t\t\t<\/script>\n\t\t\t<\/rs-module-wrap>\n\t\t\t<!-- END REVOLUTION SLIDER -->\n\n<h2>Contact<\/h2>\n<p>\t\tNous attendons avec int\u00e9r\u00eat de recevoir vos demandes.<\/p>\n<p><strong>Pumpentechnik Oberschwaben<\/strong><br \/>t\u00e9l. ++49 (0) 7545 \/ 911-747 <br \/>fax ++49 (0) 7545 \/ 911-785<br \/>mobil ++49 (0) 152 \/ 2216 4694<br \/>e-mail: info@pt-ob.de<\/p>\n","protected":false},"excerpt":{"rendered":"<p>Notre \u00e9quipe Les esprits derri\u00e8re Pumpentechnik Hans-J\u00fcrgen BoheDirecteur g\u00e9n\u00e9ral Sylvia BoheAdministration Michael BrielmaierDirection commerciale via notre partenaire ETL Bodensee Contact Nous attendons avec int\u00e9r\u00eat de recevoir vos demandes. Pumpentechnik Oberschwabent\u00e9l. ++49 (0) 7545 \/ 911-747 fax ++49 (0) 7545 \/ 911-785mobil ++49 (0) 152 \/ 2216 4694e-mail: info@pt-ob.de<\/p>\n","protected":false},"author":1,"featured_media":0,"parent":0,"menu_order":0,"comment_status":"closed","ping_status":"closed","template":"","meta":[],"translation":{"provider":"WPGlobus","version":"2.10.6","language":"fr","enabled_languages":["de","en","fr"],"languages":{"de":{"title":true,"content":true,"excerpt":false},"en":{"title":true,"content":true,"excerpt":false},"fr":{"title":false,"content":true,"excerpt":false}}},"_links":{"self":[{"href":"https:\/\/www.pumpentechnik-oberschwaben.de\/fr\/wp-json\/wp\/v2\/pages\/1134"}],"collection":[{"href":"https:\/\/www.pumpentechnik-oberschwaben.de\/fr\/wp-json\/wp\/v2\/pages"}],"about":[{"href":"https:\/\/www.pumpentechnik-oberschwaben.de\/fr\/wp-json\/wp\/v2\/types\/page"}],"author":[{"embeddable":true,"href":"https:\/\/www.pumpentechnik-oberschwaben.de\/fr\/wp-json\/wp\/v2\/users\/1"}],"replies":[{"embeddable":true,"href":"https:\/\/www.pumpentechnik-oberschwaben.de\/fr\/wp-json\/wp\/v2\/comments?post=1134"}],"version-history":[{"count":13,"href":"https:\/\/www.pumpentechnik-oberschwaben.de\/fr\/wp-json\/wp\/v2\/pages\/1134\/revisions"}],"predecessor-version":[{"id":1147,"href":"https:\/\/www.pumpentechnik-oberschwaben.de\/fr\/wp-json\/wp\/v2\/pages\/1134\/revisions\/1147"}],"wp:attachment":[{"href":"https:\/\/www.pumpentechnik-oberschwaben.de\/fr\/wp-json\/wp\/v2\/media?parent=1134"}],"curies":[{"name":"wp","href":"https:\/\/api.w.org\/{rel}","templated":true}]}}